{"id":1107,"date":"2023-07-17T18:41:29","date_gmt":"2023-07-17T16:41:29","guid":{"rendered":"https:\/\/mjc-chauny.fr\/?page_id=1107"},"modified":"2026-01-25T12:16:49","modified_gmt":"2026-01-25T11:16:49","slug":"le-conseil-d-administration","status":"publish","type":"page","link":"https:\/\/mjc-chauny.fr\/index.php\/le-conseil-d-administration\/","title":{"rendered":"Le conseil d&rsquo; administration"},"content":{"rendered":"\t\t<div data-elementor-type=\"wp-page\" data-elementor-id=\"1107\" class=\"elementor elementor-1107\">\n\t\t\t\t\t\t<section class=\"elementor-section elementor-top-section elementor-element elementor-element-43b8957 elementor-section-boxed elementor-section-height-default elementor-section-height-default wpr-particle-no wpr-jarallax-no wpr-parallax-no wpr-sticky-section-no wpr-equal-height-no\" data-id=\"43b8957\" data-element_type=\"section\" data-e-type=\"section\">\n\t\t\t\t\t\t<div class=\"elementor-container elementor-column-gap-default\">\n\t\t\t\t\t<div class=\"elementor-column elementor-col-100 elementor-top-column elementor-element elementor-element-1bbf34b\" data-id=\"1bbf34b\" data-element_type=\"column\" data-e-type=\"column\">\n\t\t\t<div class=\"elementor-widget-wrap elementor-element-populated\">\n\t\t\t\t\t\t<div class=\"elementor-element elementor-element-7798fcb elementor-widget elementor-widget-heading\" data-id=\"7798fcb\" data-element_type=\"widget\" data-e-type=\"widget\" data-widget_type=\"heading.default\">\n\t\t\t\t<div class=\"elementor-widget-container\">\n\t\t\t\t\t<h2 class=\"elementor-heading-title elementor-size-large\">Le conseil d' Administration<\/h2>\t\t\t\t<\/div>\n\t\t\t\t<\/div>\n\t\t\t\t\t<\/div>\n\t\t<\/div>\n\t\t\t\t\t<\/div>\n\t\t<\/section>\n\t\t\t\t<section class=\"elementor-section elementor-inner-section elementor-element elementor-element-3d71540e elementor-section-boxed elementor-section-height-default elementor-section-height-default wpr-particle-no wpr-jarallax-no wpr-parallax-no wpr-sticky-section-no wpr-equal-height-no\" data-id=\"3d71540e\" data-element_type=\"section\" data-e-type=\"section\" data-settings=\"{&quot;background_background&quot;:&quot;classic&quot;}\">\n\t\t\t\t\t\t<div class=\"elementor-container elementor-column-gap-default\">\n\t\t\t\t\t<div class=\"elementor-column elementor-col-100 elementor-inner-column elementor-element elementor-element-300fabf7\" data-id=\"300fabf7\" data-element_type=\"column\" data-e-type=\"column\">\n\t\t\t<div class=\"elementor-widget-wrap elementor-element-populated\">\n\t\t\t\t\t\t<div class=\"elementor-element elementor-element-1d4b026e elementor-widget elementor-widget-text-editor\" data-id=\"1d4b026e\" data-element_type=\"widget\" data-e-type=\"widget\" data-widget_type=\"text-editor.default\">\n\t\t\t\t<div class=\"elementor-widget-container\">\n\t\t\t\t\t\t\t\t\t<blockquote><h3>Membres de droit\u00a0<\/h3><\/blockquote>\t\t\t\t\t\t\t\t<\/div>\n\t\t\t\t<\/div>\n\t\t\t\t<div class=\"elementor-element elementor-element-42316459 elementor-widget elementor-widget-text-editor\" data-id=\"42316459\" data-element_type=\"widget\" data-e-type=\"widget\" data-widget_type=\"text-editor.default\">\n\t\t\t\t<div class=\"elementor-widget-container\">\n\t\t\t\t\t\t\t\t\t<ul><li class=\"_04xlpA direction-ltr align-justify para-style-body\"><span class=\"WdYUQQ text-decoration-none text-strikethrough-none\">Monsieur Le Maire de Chauny<\/span> <span class=\"WdYUQQ text-decoration-none text-strikethrough-none\">Emmanuel<\/span> <span class=\"WdYUQQ text-decoration-none text-strikethrough-none\">Li\u00e9vin<\/span><\/li><li class=\"_04xlpA direction-ltr align-justify para-style-body\"><span class=\"WdYUQQ text-decoration-none text-strikethrough-none\">Madame l&rsquo;adjointe Maryse Gr\u00e9han charg\u00e9e de la Culture<\/span><\/li><li class=\"_04xlpA direction-ltr align-justify para-style-body\"><span class=\"WdYUQQ text-decoration-none text-strikethrough-none\">Monsieur Le Pr\u00e9sident de la Coordination des MJC en Hauts de France Michel Delcour<\/span><\/li><\/ul>\t\t\t\t\t\t\t\t<\/div>\n\t\t\t\t<\/div>\n\t\t\t\t<div class=\"elementor-element elementor-element-122c48ac elementor-widget elementor-widget-text-editor\" data-id=\"122c48ac\" data-element_type=\"widget\" data-e-type=\"widget\" data-widget_type=\"text-editor.default\">\n\t\t\t\t<div class=\"elementor-widget-container\">\n\t\t\t\t\t\t\t\t\t<blockquote><h3>Membres \u00e9lus du bureau<\/h3><\/blockquote>\t\t\t\t\t\t\t\t<\/div>\n\t\t\t\t<\/div>\n\t\t\t\t<div class=\"elementor-element elementor-element-19f4c78b elementor-widget__width-auto elementor-widget-laptop__width-initial elementor-widget elementor-widget-text-editor\" data-id=\"19f4c78b\" data-element_type=\"widget\" data-e-type=\"widget\" data-widget_type=\"text-editor.default\">\n\t\t\t\t<div class=\"elementor-widget-container\">\n\t\t\t\t\t\t\t\t\t<ul><li class=\"_04xlpA direction-ltr align-justify para-style-body\"><span class=\"WdYUQQ text-decoration-none text-strikethrough-none\">Pr\u00e9sidente<\/span> <span class=\"WdYUQQ text-decoration-none text-strikethrough-none\">Mich\u00e8le Schemith<\/span><\/li><li class=\"_04xlpA direction-ltr align-justify para-style-body\"><span class=\"WdYUQQ text-decoration-none text-strikethrough-none\">Tr\u00e9sorier<\/span> <span class=\"WdYUQQ text-decoration-none text-strikethrough-none\">Etienne Canoine<\/span><\/li><li class=\"_04xlpA direction-ltr align-justify para-style-body\"><span class=\"WdYUQQ text-decoration-none text-strikethrough-none\">Tr\u00e9sori\u00e8re adjointe<\/span> <span class=\"WdYUQQ text-decoration-none text-strikethrough-none\">Maud Noirot<\/span><\/li><\/ul>\t\t\t\t\t\t\t\t<\/div>\n\t\t\t\t<\/div>\n\t\t\t\t<div class=\"elementor-element elementor-element-569dad47 elementor-widget elementor-widget-text-editor\" data-id=\"569dad47\" data-element_type=\"widget\" data-e-type=\"widget\" data-widget_type=\"text-editor.default\">\n\t\t\t\t<div class=\"elementor-widget-container\">\n\t\t\t\t\t\t\t\t\t<blockquote><h3><span class=\"WdYUQQ text-decoration-underline text-strikethrough-none\">Membres actifs<\/span><\/h3><\/blockquote>\t\t\t\t\t\t\t\t<\/div>\n\t\t\t\t<\/div>\n\t\t\t\t<div class=\"elementor-element elementor-element-79e9274 elementor-widget__width-auto elementor-widget-laptop__width-initial elementor-widget elementor-widget-text-editor\" data-id=\"79e9274\" data-element_type=\"widget\" data-e-type=\"widget\" data-widget_type=\"text-editor.default\">\n\t\t\t\t<div class=\"elementor-widget-container\">\n\t\t\t\t\t\t\t\t\t<div><br><\/div><ul>\n<li><span>Marie.Pierre<\/span> <span>Derreumaux<\/span><\/li>\n<li><span>Marie Poletz<\/span><\/li>\n<li><span>Sabine Renaux<\/span><\/li>\n<li><span>Micka\u00ebl Dutertre<\/span><\/li>\n<li><span>Emeline Guerreau<\/span><\/li>\n<li><span><span style=\"color: rgb(0, 0, 0); font-kerning: none;\">Marie-Jeanne Catoire<\/span><br><\/span><\/li>\n<\/ul>\t\t\t\t\t\t\t\t<\/div>\n\t\t\t\t<\/div>\n\t\t\t\t<div class=\"elementor-element elementor-element-75d05a3 elementor-widget elementor-widget-text-editor\" data-id=\"75d05a3\" data-element_type=\"widget\" data-e-type=\"widget\" data-widget_type=\"text-editor.default\">\n\t\t\t\t<div class=\"elementor-widget-container\">\n\t\t\t\t\t\t\t\t\t<blockquote><h3><span class=\"WdYUQQ text-decoration-underline text-strikethrough-none\">Coordinatrice responsable <\/span><\/h3><\/blockquote>\t\t\t\t\t\t\t\t<\/div>\n\t\t\t\t<\/div>\n\t\t\t\t<div class=\"elementor-element elementor-element-b31e0ac elementor-widget elementor-widget-text-editor\" data-id=\"b31e0ac\" data-element_type=\"widget\" data-e-type=\"widget\" data-widget_type=\"text-editor.default\">\n\t\t\t\t<div class=\"elementor-widget-container\">\n\t\t\t\t\t\t\t\t\t<ul><li>Sabrina Legrand<\/li><\/ul>\t\t\t\t\t\t\t\t<\/div>\n\t\t\t\t<\/div>\n\t\t\t\t<div class=\"elementor-element elementor-element-e0dcf37 elementor-widget-divider--view-line elementor-widget elementor-widget-divider\" data-id=\"e0dcf37\" data-element_type=\"widget\" data-e-type=\"widget\" data-widget_type=\"divider.default\">\n\t\t\t\t<div class=\"elementor-widget-container\">\n\t\t\t\t\t\t\t<div class=\"elementor-divider\">\n\t\t\t<span class=\"elementor-divider-separator\">\n\t\t\t\t\t\t<\/span>\n\t\t<\/div>\n\t\t\t\t\t\t<\/div>\n\t\t\t\t<\/div>\n\t\t\t\t<div class=\"elementor-element elementor-element-cf73932 elementor-widget__width-initial elementor-widget elementor-widget-text-editor\" data-id=\"cf73932\" data-element_type=\"widget\" data-e-type=\"widget\" data-widget_type=\"text-editor.default\">\n\t\t\t\t<div class=\"elementor-widget-container\">\n\t\t\t\t\t\t\t\t\t<p><span class=\"a_GcMg font-feature-liga-off font-feature-clig-off font-feature-calt-off text-decoration-none text-strikethrough-none\">Le Conseil D\u2019administration (CA) tient sa l\u00e9gitimit\u00e9 de l\u2019Assembl\u00e9e G\u00e9n\u00e9rale annuelle \u00e0 laquelle chaque adh\u00e9rent est convi\u00e9&#8230; Une fois \u00e9lu (sur base d\u2019un adh\u00e9rent = une voix), il est en quelque sorte le parlement de la MJC, \u00e0 l\u2019\u00e9coute des adh\u00e9rents et des intervenants, il d\u00e9finit les grandes lignes du travail de la MJC. Il \u00e9lit les membres du Bureau.<\/span><\/p>\t\t\t\t\t\t\t\t<\/div>\n\t\t\t\t<\/div>\n\t\t\t\t\t<\/div>\n\t\t<\/div>\n\t\t\t\t\t<\/div>\n\t\t<\/section>\n\t\t\t\t<\/div>\n\t\t","protected":false},"excerpt":{"rendered":"<p>Le conseil d&rsquo; Administration Membres de droit\u00a0 Monsieur Le Maire de Chauny Emmanuel Li\u00e9vin Madame l&rsquo;adjointe Maryse Gr\u00e9han charg\u00e9e de la Culture Monsieur Le Pr\u00e9sident de la Coordination des MJC en Hauts de France Michel Delcour Membres \u00e9lus du bureau Pr\u00e9sidente Mich\u00e8le Schemith Tr\u00e9sorier Etienne Canoine Tr\u00e9sori\u00e8re adjointe Maud Noirot Membres actifs Marie.Pierre Derreumaux Marie Poletz Sabine Renaux Micka\u00ebl Dutertre Emeline Guerreau Marie-Jeanne Catoire Coordinatrice responsable Sabrina Legrand Le Conseil D\u2019administration (CA) tient sa l\u00e9gitimit\u00e9 de l\u2019Assembl\u00e9e G\u00e9n\u00e9rale annuelle \u00e0 laquelle chaque adh\u00e9rent est convi\u00e9&#8230; Une fois \u00e9lu (sur base d\u2019un adh\u00e9rent = une voix), il est en quelque sorte le parlement de la MJC, \u00e0 l\u2019\u00e9coute des adh\u00e9rents et des intervenants, il d\u00e9finit les grandes lignes du travail de la MJC. Il \u00e9lit les membres du Bureau.<\/p>\n","protected":false},"author":1,"featured_media":0,"parent":0,"menu_order":0,"comment_status":"closed","ping_status":"closed","template":"","meta":{"footnotes":""},"class_list":["post-1107","page","type-page","status-publish","hentry"],"yoast_head":"<!-- This site is optimized with the Yoast SEO plugin v27.4 - https:\/\/yoast.com\/product\/yoast-seo-wordpress\/ -->\n<title>Le conseil d&#039; administration - MJC DE CHAUNY<\/title>\n<meta name=\"robots\" content=\"index, follow, max-snippet:-1, max-image-preview:large, max-video-preview:-1\" \/>\n<link rel=\"canonical\" href=\"https:\/\/mjc-chauny.fr\/index.php\/le-conseil-d-administration\/\" \/>\n<meta property=\"og:locale\" content=\"fr_FR\" \/>\n<meta property=\"og:type\" content=\"article\" \/>\n<meta property=\"og:title\" content=\"Le conseil d&#039; administration - MJC DE CHAUNY\" \/>\n<meta property=\"og:description\" content=\"Le conseil d&rsquo; Administration Membres de droit\u00a0 Monsieur Le Maire de Chauny Emmanuel Li\u00e9vin Madame l&rsquo;adjointe Maryse Gr\u00e9han charg\u00e9e de la Culture Monsieur Le Pr\u00e9sident de la Coordination des MJC en Hauts de France Michel Delcour Membres \u00e9lus du bureau Pr\u00e9sidente Mich\u00e8le Schemith Tr\u00e9sorier Etienne Canoine Tr\u00e9sori\u00e8re adjointe Maud Noirot Membres actifs Marie.Pierre Derreumaux Marie Poletz Sabine Renaux Micka\u00ebl Dutertre Emeline Guerreau Marie-Jeanne Catoire Coordinatrice responsable Sabrina Legrand Le Conseil D\u2019administration (CA) tient sa l\u00e9gitimit\u00e9 de l\u2019Assembl\u00e9e G\u00e9n\u00e9rale annuelle \u00e0 laquelle chaque adh\u00e9rent est convi\u00e9&#8230; Une fois \u00e9lu (sur base d\u2019un adh\u00e9rent = une voix), il est en quelque sorte le parlement de la MJC, \u00e0 l\u2019\u00e9coute des adh\u00e9rents et des intervenants, il d\u00e9finit les grandes lignes du travail de la MJC. Il \u00e9lit les membres du Bureau.\" \/>\n<meta property=\"og:url\" content=\"https:\/\/mjc-chauny.fr\/index.php\/le-conseil-d-administration\/\" \/>\n<meta property=\"og:site_name\" content=\"MJC DE CHAUNY\" \/>\n<meta property=\"article:publisher\" content=\"https:\/\/www.facebook.com\/mjc.chauny.7\" \/>\n<meta property=\"article:modified_time\" content=\"2026-01-25T11:16:49+00:00\" \/>\n<meta property=\"og:image\" content=\"https:\/\/mjc-chauny.fr\/wp-content\/uploads\/2025\/08\/P0940094-scaled.jpg\" \/>\n\t<meta property=\"og:image:width\" content=\"2560\" \/>\n\t<meta property=\"og:image:height\" content=\"1920\" \/>\n\t<meta property=\"og:image:type\" content=\"image\/jpeg\" \/>\n<meta name=\"twitter:card\" content=\"summary_large_image\" \/>\n<meta name=\"twitter:label1\" content=\"Dur\u00e9e de lecture estim\u00e9e\" \/>\n\t<meta name=\"twitter:data1\" content=\"1 minute\" \/>\n<script type=\"application\/ld+json\" class=\"yoast-schema-graph\">{\"@context\":\"https:\\\/\\\/schema.org\",\"@graph\":[{\"@type\":\"WebPage\",\"@id\":\"https:\\\/\\\/mjc-chauny.fr\\\/index.php\\\/le-conseil-d-administration\\\/\",\"url\":\"https:\\\/\\\/mjc-chauny.fr\\\/index.php\\\/le-conseil-d-administration\\\/\",\"name\":\"Le conseil d' administration - MJC DE CHAUNY\",\"isPartOf\":{\"@id\":\"https:\\\/\\\/mjc-chauny.fr\\\/#website\"},\"datePublished\":\"2023-07-17T16:41:29+00:00\",\"dateModified\":\"2026-01-25T11:16:49+00:00\",\"breadcrumb\":{\"@id\":\"https:\\\/\\\/mjc-chauny.fr\\\/index.php\\\/le-conseil-d-administration\\\/#breadcrumb\"},\"inLanguage\":\"fr-FR\",\"potentialAction\":[{\"@type\":\"ReadAction\",\"target\":[\"https:\\\/\\\/mjc-chauny.fr\\\/index.php\\\/le-conseil-d-administration\\\/\"]}]},{\"@type\":\"BreadcrumbList\",\"@id\":\"https:\\\/\\\/mjc-chauny.fr\\\/index.php\\\/le-conseil-d-administration\\\/#breadcrumb\",\"itemListElement\":[{\"@type\":\"ListItem\",\"position\":1,\"name\":\"Accueil\",\"item\":\"https:\\\/\\\/mjc-chauny.fr\\\/\"},{\"@type\":\"ListItem\",\"position\":2,\"name\":\"Le conseil d&rsquo; administration\"}]},{\"@type\":\"WebSite\",\"@id\":\"https:\\\/\\\/mjc-chauny.fr\\\/#website\",\"url\":\"https:\\\/\\\/mjc-chauny.fr\\\/\",\"name\":\"MJC DE CHAUNY\",\"description\":\"Maison des jeunes et de la culture de CHAUNY\",\"publisher\":{\"@id\":\"https:\\\/\\\/mjc-chauny.fr\\\/#organization\"},\"potentialAction\":[{\"@type\":\"SearchAction\",\"target\":{\"@type\":\"EntryPoint\",\"urlTemplate\":\"https:\\\/\\\/mjc-chauny.fr\\\/?s={search_term_string}\"},\"query-input\":{\"@type\":\"PropertyValueSpecification\",\"valueRequired\":true,\"valueName\":\"search_term_string\"}}],\"inLanguage\":\"fr-FR\"},{\"@type\":\"Organization\",\"@id\":\"https:\\\/\\\/mjc-chauny.fr\\\/#organization\",\"name\":\"MJC DE CHAUNY\",\"alternateName\":\"Maison des Jeunes et de la Culture de Chauny\",\"url\":\"https:\\\/\\\/mjc-chauny.fr\\\/\",\"logo\":{\"@type\":\"ImageObject\",\"inLanguage\":\"fr-FR\",\"@id\":\"https:\\\/\\\/mjc-chauny.fr\\\/#\\\/schema\\\/logo\\\/image\\\/\",\"url\":\"https:\\\/\\\/mjc-chauny.fr\\\/wp-content\\\/uploads\\\/2025\\\/08\\\/cropped-logo-MJC-1.png\",\"contentUrl\":\"https:\\\/\\\/mjc-chauny.fr\\\/wp-content\\\/uploads\\\/2025\\\/08\\\/cropped-logo-MJC-1.png\",\"width\":512,\"height\":512,\"caption\":\"MJC DE CHAUNY\"},\"image\":{\"@id\":\"https:\\\/\\\/mjc-chauny.fr\\\/#\\\/schema\\\/logo\\\/image\\\/\"},\"sameAs\":[\"https:\\\/\\\/www.facebook.com\\\/mjc.chauny.7\",\"https:\\\/\\\/www.instagram.com\\\/mjcchauny\\\/\"]}]}<\/script>\n<!-- \/ Yoast SEO plugin. -->","yoast_head_json":{"title":"Le conseil d' administration - MJC DE CHAUNY","robots":{"index":"index","follow":"follow","max-snippet":"max-snippet:-1","max-image-preview":"max-image-preview:large","max-video-preview":"max-video-preview:-1"},"canonical":"https:\/\/mjc-chauny.fr\/index.php\/le-conseil-d-administration\/","og_locale":"fr_FR","og_type":"article","og_title":"Le conseil d' administration - MJC DE CHAUNY","og_description":"Le conseil d&rsquo; Administration Membres de droit\u00a0 Monsieur Le Maire de Chauny Emmanuel Li\u00e9vin Madame l&rsquo;adjointe Maryse Gr\u00e9han charg\u00e9e de la Culture Monsieur Le Pr\u00e9sident de la Coordination des MJC en Hauts de France Michel Delcour Membres \u00e9lus du bureau Pr\u00e9sidente Mich\u00e8le Schemith Tr\u00e9sorier Etienne Canoine Tr\u00e9sori\u00e8re adjointe Maud Noirot Membres actifs Marie.Pierre Derreumaux Marie Poletz Sabine Renaux Micka\u00ebl Dutertre Emeline Guerreau Marie-Jeanne Catoire Coordinatrice responsable Sabrina Legrand Le Conseil D\u2019administration (CA) tient sa l\u00e9gitimit\u00e9 de l\u2019Assembl\u00e9e G\u00e9n\u00e9rale annuelle \u00e0 laquelle chaque adh\u00e9rent est convi\u00e9&#8230; Une fois \u00e9lu (sur base d\u2019un adh\u00e9rent = une voix), il est en quelque sorte le parlement de la MJC, \u00e0 l\u2019\u00e9coute des adh\u00e9rents et des intervenants, il d\u00e9finit les grandes lignes du travail de la MJC. Il \u00e9lit les membres du Bureau.","og_url":"https:\/\/mjc-chauny.fr\/index.php\/le-conseil-d-administration\/","og_site_name":"MJC DE CHAUNY","article_publisher":"https:\/\/www.facebook.com\/mjc.chauny.7","article_modified_time":"2026-01-25T11:16:49+00:00","og_image":[{"width":2560,"height":1920,"url":"https:\/\/mjc-chauny.fr\/wp-content\/uploads\/2025\/08\/P0940094-scaled.jpg","type":"image\/jpeg"}],"twitter_card":"summary_large_image","twitter_misc":{"Dur\u00e9e de lecture estim\u00e9e":"1 minute"},"schema":{"@context":"https:\/\/schema.org","@graph":[{"@type":"WebPage","@id":"https:\/\/mjc-chauny.fr\/index.php\/le-conseil-d-administration\/","url":"https:\/\/mjc-chauny.fr\/index.php\/le-conseil-d-administration\/","name":"Le conseil d' administration - MJC DE CHAUNY","isPartOf":{"@id":"https:\/\/mjc-chauny.fr\/#website"},"datePublished":"2023-07-17T16:41:29+00:00","dateModified":"2026-01-25T11:16:49+00:00","breadcrumb":{"@id":"https:\/\/mjc-chauny.fr\/index.php\/le-conseil-d-administration\/#breadcrumb"},"inLanguage":"fr-FR","potentialAction":[{"@type":"ReadAction","target":["https:\/\/mjc-chauny.fr\/index.php\/le-conseil-d-administration\/"]}]},{"@type":"BreadcrumbList","@id":"https:\/\/mjc-chauny.fr\/index.php\/le-conseil-d-administration\/#breadcrumb","itemListElement":[{"@type":"ListItem","position":1,"name":"Accueil","item":"https:\/\/mjc-chauny.fr\/"},{"@type":"ListItem","position":2,"name":"Le conseil d&rsquo; administration"}]},{"@type":"WebSite","@id":"https:\/\/mjc-chauny.fr\/#website","url":"https:\/\/mjc-chauny.fr\/","name":"MJC DE CHAUNY","description":"Maison des jeunes et de la culture de CHAUNY","publisher":{"@id":"https:\/\/mjc-chauny.fr\/#organization"},"potentialAction":[{"@type":"SearchAction","target":{"@type":"EntryPoint","urlTemplate":"https:\/\/mjc-chauny.fr\/?s={search_term_string}"},"query-input":{"@type":"PropertyValueSpecification","valueRequired":true,"valueName":"search_term_string"}}],"inLanguage":"fr-FR"},{"@type":"Organization","@id":"https:\/\/mjc-chauny.fr\/#organization","name":"MJC DE CHAUNY","alternateName":"Maison des Jeunes et de la Culture de Chauny","url":"https:\/\/mjc-chauny.fr\/","logo":{"@type":"ImageObject","inLanguage":"fr-FR","@id":"https:\/\/mjc-chauny.fr\/#\/schema\/logo\/image\/","url":"https:\/\/mjc-chauny.fr\/wp-content\/uploads\/2025\/08\/cropped-logo-MJC-1.png","contentUrl":"https:\/\/mjc-chauny.fr\/wp-content\/uploads\/2025\/08\/cropped-logo-MJC-1.png","width":512,"height":512,"caption":"MJC DE CHAUNY"},"image":{"@id":"https:\/\/mjc-chauny.fr\/#\/schema\/logo\/image\/"},"sameAs":["https:\/\/www.facebook.com\/mjc.chauny.7","https:\/\/www.instagram.com\/mjcchauny\/"]}]}},"_links":{"self":[{"href":"https:\/\/mjc-chauny.fr\/index.php\/wp-json\/wp\/v2\/pages\/1107","targetHints":{"allow":["GET"]}}],"collection":[{"href":"https:\/\/mjc-chauny.fr\/index.php\/wp-json\/wp\/v2\/pages"}],"about":[{"href":"https:\/\/mjc-chauny.fr\/index.php\/wp-json\/wp\/v2\/types\/page"}],"author":[{"embeddable":true,"href":"https:\/\/mjc-chauny.fr\/index.php\/wp-json\/wp\/v2\/users\/1"}],"replies":[{"embeddable":true,"href":"https:\/\/mjc-chauny.fr\/index.php\/wp-json\/wp\/v2\/comments?post=1107"}],"version-history":[{"count":25,"href":"https:\/\/mjc-chauny.fr\/index.php\/wp-json\/wp\/v2\/pages\/1107\/revisions"}],"predecessor-version":[{"id":3246,"href":"https:\/\/mjc-chauny.fr\/index.php\/wp-json\/wp\/v2\/pages\/1107\/revisions\/3246"}],"wp:attachment":[{"href":"https:\/\/mjc-chauny.fr\/index.php\/wp-json\/wp\/v2\/media?parent=1107"}],"curies":[{"name":"wp","href":"https:\/\/api.w.org\/{rel}","templated":true}]}}