{"id":1017,"date":"2023-07-15T21:58:31","date_gmt":"2023-07-15T19:58:31","guid":{"rendered":"https:\/\/mjc-chauny.fr\/?page_id=1017"},"modified":"2024-02-05T21:37:01","modified_gmt":"2024-02-05T20:37:01","slug":"contact-2","status":"publish","type":"page","link":"https:\/\/mjc-chauny.fr\/index.php\/contact-2\/","title":{"rendered":"Contactez-nous"},"content":{"rendered":"\t\t<div data-elementor-type=\"wp-page\" data-elementor-id=\"1017\" class=\"elementor elementor-1017\">\n\t\t\t\t\t\t<section class=\"elementor-section elementor-top-section elementor-element elementor-element-f22185a elementor-section-boxed elementor-section-height-default elementor-section-height-default wpr-particle-no wpr-jarallax-no wpr-parallax-no wpr-sticky-section-no wpr-equal-height-no\" data-id=\"f22185a\" data-element_type=\"section\" data-e-type=\"section\">\n\t\t\t\t\t\t<div class=\"elementor-container elementor-column-gap-default\">\n\t\t\t\t\t<div class=\"elementor-column elementor-col-100 elementor-top-column elementor-element elementor-element-1a09467\" data-id=\"1a09467\" data-element_type=\"column\" data-e-type=\"column\">\n\t\t\t<div class=\"elementor-widget-wrap elementor-element-populated\">\n\t\t\t\t\t\t<div class=\"elementor-element elementor-element-17731e5 elementor-widget-tablet__width-initial elementor-widget elementor-widget-heading\" data-id=\"17731e5\" data-element_type=\"widget\" data-e-type=\"widget\" data-widget_type=\"heading.default\">\n\t\t\t\t<div class=\"elementor-widget-container\">\n\t\t\t\t\t<h2 class=\"elementor-heading-title elementor-size-large\">Contactez- nous<\/h2>\t\t\t\t<\/div>\n\t\t\t\t<\/div>\n\t\t\t\t\t<\/div>\n\t\t<\/div>\n\t\t\t\t\t<\/div>\n\t\t<\/section>\n\t\t\t\t<section class=\"elementor-section elementor-top-section elementor-element elementor-element-3a08e95 elementor-section-boxed elementor-section-height-default elementor-section-height-default wpr-particle-no wpr-jarallax-no wpr-parallax-no wpr-sticky-section-no wpr-equal-height-no\" data-id=\"3a08e95\" data-element_type=\"section\" data-e-type=\"section\">\n\t\t\t\t\t\t<div class=\"elementor-container elementor-column-gap-default\">\n\t\t\t\t\t<div class=\"elementor-column elementor-col-50 elementor-top-column elementor-element elementor-element-fd15bdf\" data-id=\"fd15bdf\" data-element_type=\"column\" data-e-type=\"column\">\n\t\t\t<div class=\"elementor-widget-wrap elementor-element-populated\">\n\t\t\t\t\t\t<div class=\"elementor-element elementor-element-2385e42 elementor-widget-tablet__width-initial elementor-widget elementor-widget-shortcode\" data-id=\"2385e42\" data-element_type=\"widget\" data-e-type=\"widget\" data-widget_type=\"shortcode.default\">\n\t\t\t\t<div class=\"elementor-widget-container\">\n\t\t\t\t\t\t\t<div class=\"elementor-shortcode\"><div class=\"forminator-ui forminator-custom-form forminator-custom-form-1986 forminator-design--flat  forminator_ajax\" data-forminator-render=\"0\" data-form=\"forminator-module-1986\" data-uid=\"69ea30f5288e7\"><br\/><\/div><form\n\t\t\t\tid=\"forminator-module-1986\"\n\t\t\t\tclass=\"forminator-ui forminator-custom-form forminator-custom-form-1986 forminator-design--flat  forminator_ajax\"\n\t\t\t\tmethod=\"post\"\n\t\t\t\tdata-forminator-render=\"0\"\n\t\t\t\tdata-form-id=\"1986\"\n\t\t\t\t data-color-option=\"default\" data-design=\"flat\" data-grid=\"open\" style=\"display: none;\"\n\t\t\t\tdata-uid=\"69ea30f5288e7\"\n\t\t\t><div role=\"alert\" aria-live=\"polite\" class=\"forminator-response-message forminator-error\" aria-hidden=\"true\"><\/div><div class=\"forminator-row\"><div id=\"name-1\" class=\"forminator-field-name forminator-col forminator-col-12 \"><div class=\"forminator-row forminator-no-margin\" data-multiple=\"true\"><div class=\"forminator-col forminator-col-md-6\"><div class=\"forminator-field\"><label for=\"forminator-field-first-name-1_69ea30f5288e7\" id=\"forminator-field-first-name-1_69ea30f5288e7-label\" class=\"forminator-label\">Pr\u00e9nom <span class=\"forminator-required\">*<\/span><\/label><input type=\"text\" name=\"name-1-first-name\" placeholder=\"Par exemple\u00a0: Jean\" id=\"forminator-field-first-name-1_69ea30f5288e7\" class=\"forminator-input\" aria-required=\"true\" data-multi=\"1\" autocomplete=\"given-name\" value=\"\" aria-describedby=\"forminator-field-first-name-1_69ea30f5288e7-description\" \/><span id=\"forminator-field-first-name-1_69ea30f5288e7-description\" class=\"forminator-description\">Pr\u00e9nom<\/span><\/div><\/div><div class=\"forminator-col forminator-col-md-6\"><div class=\"forminator-field\"><label for=\"forminator-field-last-name-1_69ea30f5288e7\" id=\"forminator-field-last-name-1_69ea30f5288e7-label\" class=\"forminator-label\">Nom de famille <span class=\"forminator-required\">*<\/span><\/label><input type=\"text\" name=\"name-1-last-name\" placeholder=\"Par exemple\u00a0: Durand\" id=\"forminator-field-last-name-1_69ea30f5288e7\" class=\"forminator-input\" aria-required=\"true\" data-multi=\"1\" autocomplete=\"family-name\" value=\"\" aria-describedby=\"forminator-field-last-name-1_69ea30f5288e7-description\" \/><span id=\"forminator-field-last-name-1_69ea30f5288e7-description\" class=\"forminator-description\">Nom<\/span><\/div><\/div><\/div><\/div><\/div><div class=\"forminator-row\"><div id=\"email-1\" class=\"forminator-field-email forminator-col forminator-col-12 \"><div class=\"forminator-field\"><label for=\"forminator-field-email-1_69ea30f5288e7\" id=\"forminator-field-email-1_69ea30f5288e7-label\" class=\"forminator-label\">Adresse de messagerie <span class=\"forminator-required\">*<\/span><\/label><input type=\"email\" name=\"email-1\" value=\"\" placeholder=\"Par exemple\u00a0: jacques@martin.com\" id=\"forminator-field-email-1_69ea30f5288e7\" class=\"forminator-input forminator-email--field\" data-required=\"true\" aria-required=\"true\" autocomplete=\"email\" aria-describedby=\"forminator-field-email-1_69ea30f5288e7-description\" \/><span id=\"forminator-field-email-1_69ea30f5288e7-description\" class=\"forminator-description\">Adresse de messagerie<\/span><\/div><\/div><\/div><div class=\"forminator-row\"><div id=\"phone-1\" class=\"forminator-field-phone forminator-col forminator-col-12 \"><div class=\"forminator-field\"><label for=\"forminator-field-phone-1_69ea30f5288e7\" id=\"forminator-field-phone-1_69ea30f5288e7-label\" class=\"forminator-label\">Num\u00e9ro de t\u00e9l\u00e9phone <span class=\"forminator-required\">*<\/span><\/label><input type=\"text\" name=\"phone-1\" value=\"\" placeholder=\"Par exemple\u00a0: +1 02 03 04 05\" id=\"forminator-field-phone-1_69ea30f5288e7\" class=\"forminator-input forminator-field--phone\" data-required=\"1\" aria-required=\"true\" autocomplete=\"off\" data-national_mode=\"enabled\" data-country=\"fr\" data-validation=\"standard\" aria-describedby=\"forminator-field-phone-1_69ea30f5288e7-description\" \/><span id=\"forminator-field-phone-1_69ea30f5288e7-description\" class=\"forminator-description\" id=\"forminator-field-phone-1_69ea30f5288e7-description\">Num\u00e9ro de t\u00e9l\u00e9phone<\/span><\/div><\/div><\/div><div class=\"forminator-row\"><div id=\"textarea-1\" class=\"forminator-field-textarea forminator-col forminator-col-12 \"><div class=\"forminator-field\"><label for=\"forminator-field-textarea-1_69ea30f5288e7\" id=\"forminator-field-textarea-1_69ea30f5288e7-label\" class=\"forminator-label\">Message<\/label><textarea name=\"textarea-1\" placeholder=\"Saisissez votre message\u2026\" id=\"forminator-field-textarea-1_69ea30f5288e7\" class=\"forminator-textarea\" rows=\"6\" style=\"--forminator-textarea-min-height:140px;\" maxlength=\"180\" ><\/textarea><span id=\"forminator-field-textarea-1_69ea30f5288e7-description\" class=\"forminator-description\"><span data-limit=\"180\" data-type=\"characters\" data-editor=\"\">0 \/ 180<\/span><\/span><\/div><\/div><\/div><div class=\"forminator-row\"><div id=\"captcha-1\" class=\"forminator-field-captcha forminator-col forminator-col-12 \"><div class=\"forminator-captcha-left forminator-g-recaptcha recaptcha-invisible\" data-theme=\"light\" data-badge=\"inline\" data-sitekey=\"6LfioWUpAAAAAAP16fMkdJrKTzjIV9mvnXRyS-ib\" data-size=\"invisible\"><\/div> <\/div><\/div><input type=\"hidden\" name=\"referer_url\" value=\"\" \/><div class=\"forminator-row forminator-row-last\"><div class=\"forminator-col\"><div class=\"forminator-field\"><button class=\"forminator-button forminator-button-submit\">Envoyer le message<\/button><\/div><\/div><\/div><input type=\"hidden\" id=\"forminator_nonce\" name=\"forminator_nonce\" value=\"e881babbfe\" \/><input type=\"hidden\" name=\"_wp_http_referer\" value=\"\/index.php\/wp-json\/wp\/v2\/pages\/1017\" \/><input type=\"hidden\" name=\"form_id\" value=\"1986\"><input type=\"hidden\" name=\"page_id\" value=\"1017\"><input type=\"hidden\" name=\"form_type\" value=\"default\"><input type=\"hidden\" name=\"current_url\" value=\"https:\/\/mjc-chauny.fr\/index.php\/contact-2\/\"><input type=\"hidden\" name=\"render_id\" value=\"0\"><input type=\"hidden\" name=\"action\" value=\"forminator_submit_form_custom-forms\"><\/form><\/div>\n\t\t\t\t\t\t<\/div>\n\t\t\t\t<\/div>\n\t\t\t\t\t<\/div>\n\t\t<\/div>\n\t\t\t\t<div class=\"elementor-column elementor-col-50 elementor-top-column elementor-element elementor-element-96a4f91\" data-id=\"96a4f91\" data-element_type=\"column\" data-e-type=\"column\">\n\t\t\t<div class=\"elementor-widget-wrap elementor-element-populated\">\n\t\t\t\t\t\t<div class=\"elementor-element elementor-element-ef00640 elementor-widget-tablet__width-initial elementor-widget elementor-widget-google_maps\" data-id=\"ef00640\" data-element_type=\"widget\" data-e-type=\"widget\" data-widget_type=\"google_maps.default\">\n\t\t\t\t<div class=\"elementor-widget-container\">\n\t\t\t\t\t\t\t<div class=\"elementor-custom-embed\">\n\t\t\t<iframe loading=\"lazy\"\n\t\t\t\t\tsrc=\"https:\/\/maps.google.com\/maps?q=5%20rue%20albert%20duval%2002300%20chauny%20&#038;t=m&#038;z=16&#038;output=embed&#038;iwloc=near\"\n\t\t\t\t\ttitle=\"5 rue albert duval 02300 chauny \"\n\t\t\t\t\taria-label=\"5 rue albert duval 02300 chauny \"\n\t\t\t><\/iframe>\n\t\t<\/div>\n\t\t\t\t\t\t<\/div>\n\t\t\t\t<\/div>\n\t\t\t\t<div class=\"elementor-element elementor-element-8f0b8c2 elementor-widget-laptop__width-initial elementor-view-default elementor-widget elementor-widget-icon\" data-id=\"8f0b8c2\" data-element_type=\"widget\" data-e-type=\"widget\" data-widget_type=\"icon.default\">\n\t\t\t\t<div class=\"elementor-widget-container\">\n\t\t\t\t\t\t\t<div class=\"elementor-icon-wrapper\">\n\t\t\t<div class=\"elementor-icon\">\n\t\t\t<svg aria-hidden=\"true\" class=\"e-font-icon-svg e-fas-phone\" viewBox=\"0 0 512 512\" xmlns=\"http:\/\/www.w3.org\/2000\/svg\"><path d=\"M493.4 24.6l-104-24c-11.3-2.6-22.9 3.3-27.5 13.9l-48 112c-4.2 9.8-1.4 21.3 6.9 28l60.6 49.6c-36 76.7-98.9 140.5-177.2 177.2l-49.6-60.6c-6.8-8.3-18.2-11.1-28-6.9l-112 48C3.9 366.5-2 378.1.6 389.4l24 104C27.1 504.2 36.7 512 48 512c256.1 0 464-207.5 464-464 0-11.2-7.7-20.9-18.6-23.4z\"><\/path><\/svg>\t\t\t<\/div>\n\t\t<\/div>\n\t\t\t\t\t\t<\/div>\n\t\t\t\t<\/div>\n\t\t\t\t<div class=\"elementor-element elementor-element-9d1b3ec elementor-widget__width-initial elementor-widget-laptop__width-initial elementor-widget elementor-widget-text-editor\" data-id=\"9d1b3ec\" data-element_type=\"widget\" data-e-type=\"widget\" data-widget_type=\"text-editor.default\">\n\t\t\t\t<div class=\"elementor-widget-container\">\n\t\t\t\t\t\t\t\t\t<p class=\"_04xlpA direction-ltr align-center para-style-body\" style=\"text-align: left;\"><b>032352105252<\/b><\/p>\t\t\t\t\t\t\t\t<\/div>\n\t\t\t\t<\/div>\n\t\t\t\t\t<\/div>\n\t\t<\/div>\n\t\t\t\t\t<\/div>\n\t\t<\/section>\n\t\t\t\t<\/div>\n\t\t","protected":false},"excerpt":{"rendered":"<p>Contactez- nous 032352105252<\/p>\n","protected":false},"author":1,"featured_media":0,"parent":0,"menu_order":0,"comment_status":"closed","ping_status":"closed","template":"","meta":{"footnotes":""},"class_list":["post-1017","page","type-page","status-publish","hentry"],"yoast_head":"<!-- This site is optimized with the Yoast SEO plugin v27.4 - https:\/\/yoast.com\/product\/yoast-seo-wordpress\/ -->\n<title>Contactez-nous - MJC DE CHAUNY<\/title>\n<meta name=\"robots\" content=\"index, follow, max-snippet:-1, max-image-preview:large, max-video-preview:-1\" \/>\n<link rel=\"canonical\" href=\"https:\/\/mjc-chauny.fr\/index.php\/contact-2\/\" \/>\n<meta property=\"og:locale\" content=\"fr_FR\" \/>\n<meta property=\"og:type\" content=\"article\" \/>\n<meta property=\"og:title\" content=\"Contactez-nous - MJC DE CHAUNY\" \/>\n<meta property=\"og:description\" content=\"Contactez- nous 032352105252\" \/>\n<meta property=\"og:url\" content=\"https:\/\/mjc-chauny.fr\/index.php\/contact-2\/\" \/>\n<meta property=\"og:site_name\" content=\"MJC DE CHAUNY\" \/>\n<meta property=\"article:publisher\" content=\"https:\/\/www.facebook.com\/mjc.chauny.7\" \/>\n<meta property=\"article:modified_time\" content=\"2024-02-05T20:37:01+00:00\" \/>\n<meta property=\"og:image\" content=\"https:\/\/mjc-chauny.fr\/wp-content\/uploads\/2025\/08\/P0940094-scaled.jpg\" \/>\n\t<meta property=\"og:image:width\" content=\"2560\" \/>\n\t<meta property=\"og:image:height\" content=\"1920\" \/>\n\t<meta property=\"og:image:type\" content=\"image\/jpeg\" \/>\n<meta name=\"twitter:card\" content=\"summary_large_image\" \/>\n<meta name=\"twitter:label1\" content=\"Dur\u00e9e de lecture estim\u00e9e\" \/>\n\t<meta name=\"twitter:data1\" content=\"1 minute\" \/>\n<script type=\"application\/ld+json\" class=\"yoast-schema-graph\">{\"@context\":\"https:\\\/\\\/schema.org\",\"@graph\":[{\"@type\":\"WebPage\",\"@id\":\"https:\\\/\\\/mjc-chauny.fr\\\/index.php\\\/contact-2\\\/\",\"url\":\"https:\\\/\\\/mjc-chauny.fr\\\/index.php\\\/contact-2\\\/\",\"name\":\"Contactez-nous - MJC DE CHAUNY\",\"isPartOf\":{\"@id\":\"https:\\\/\\\/mjc-chauny.fr\\\/#website\"},\"datePublished\":\"2023-07-15T19:58:31+00:00\",\"dateModified\":\"2024-02-05T20:37:01+00:00\",\"breadcrumb\":{\"@id\":\"https:\\\/\\\/mjc-chauny.fr\\\/index.php\\\/contact-2\\\/#breadcrumb\"},\"inLanguage\":\"fr-FR\",\"potentialAction\":[{\"@type\":\"ReadAction\",\"target\":[\"https:\\\/\\\/mjc-chauny.fr\\\/index.php\\\/contact-2\\\/\"]}]},{\"@type\":\"BreadcrumbList\",\"@id\":\"https:\\\/\\\/mjc-chauny.fr\\\/index.php\\\/contact-2\\\/#breadcrumb\",\"itemListElement\":[{\"@type\":\"ListItem\",\"position\":1,\"name\":\"Accueil\",\"item\":\"https:\\\/\\\/mjc-chauny.fr\\\/\"},{\"@type\":\"ListItem\",\"position\":2,\"name\":\"Contactez-nous\"}]},{\"@type\":\"WebSite\",\"@id\":\"https:\\\/\\\/mjc-chauny.fr\\\/#website\",\"url\":\"https:\\\/\\\/mjc-chauny.fr\\\/\",\"name\":\"MJC DE CHAUNY\",\"description\":\"Maison des jeunes et de la culture de CHAUNY\",\"publisher\":{\"@id\":\"https:\\\/\\\/mjc-chauny.fr\\\/#organization\"},\"potentialAction\":[{\"@type\":\"SearchAction\",\"target\":{\"@type\":\"EntryPoint\",\"urlTemplate\":\"https:\\\/\\\/mjc-chauny.fr\\\/?s={search_term_string}\"},\"query-input\":{\"@type\":\"PropertyValueSpecification\",\"valueRequired\":true,\"valueName\":\"search_term_string\"}}],\"inLanguage\":\"fr-FR\"},{\"@type\":\"Organization\",\"@id\":\"https:\\\/\\\/mjc-chauny.fr\\\/#organization\",\"name\":\"MJC DE CHAUNY\",\"alternateName\":\"Maison des Jeunes et de la Culture de Chauny\",\"url\":\"https:\\\/\\\/mjc-chauny.fr\\\/\",\"logo\":{\"@type\":\"ImageObject\",\"inLanguage\":\"fr-FR\",\"@id\":\"https:\\\/\\\/mjc-chauny.fr\\\/#\\\/schema\\\/logo\\\/image\\\/\",\"url\":\"https:\\\/\\\/mjc-chauny.fr\\\/wp-content\\\/uploads\\\/2025\\\/08\\\/cropped-logo-MJC-1.png\",\"contentUrl\":\"https:\\\/\\\/mjc-chauny.fr\\\/wp-content\\\/uploads\\\/2025\\\/08\\\/cropped-logo-MJC-1.png\",\"width\":512,\"height\":512,\"caption\":\"MJC DE CHAUNY\"},\"image\":{\"@id\":\"https:\\\/\\\/mjc-chauny.fr\\\/#\\\/schema\\\/logo\\\/image\\\/\"},\"sameAs\":[\"https:\\\/\\\/www.facebook.com\\\/mjc.chauny.7\",\"https:\\\/\\\/www.instagram.com\\\/mjcchauny\\\/\"]}]}<\/script>\n<!-- \/ Yoast SEO plugin. -->","yoast_head_json":{"title":"Contactez-nous - MJC DE CHAUNY","robots":{"index":"index","follow":"follow","max-snippet":"max-snippet:-1","max-image-preview":"max-image-preview:large","max-video-preview":"max-video-preview:-1"},"canonical":"https:\/\/mjc-chauny.fr\/index.php\/contact-2\/","og_locale":"fr_FR","og_type":"article","og_title":"Contactez-nous - MJC DE CHAUNY","og_description":"Contactez- nous 032352105252","og_url":"https:\/\/mjc-chauny.fr\/index.php\/contact-2\/","og_site_name":"MJC DE CHAUNY","article_publisher":"https:\/\/www.facebook.com\/mjc.chauny.7","article_modified_time":"2024-02-05T20:37:01+00:00","og_image":[{"width":2560,"height":1920,"url":"https:\/\/mjc-chauny.fr\/wp-content\/uploads\/2025\/08\/P0940094-scaled.jpg","type":"image\/jpeg"}],"twitter_card":"summary_large_image","twitter_misc":{"Dur\u00e9e de lecture estim\u00e9e":"1 minute"},"schema":{"@context":"https:\/\/schema.org","@graph":[{"@type":"WebPage","@id":"https:\/\/mjc-chauny.fr\/index.php\/contact-2\/","url":"https:\/\/mjc-chauny.fr\/index.php\/contact-2\/","name":"Contactez-nous - MJC DE CHAUNY","isPartOf":{"@id":"https:\/\/mjc-chauny.fr\/#website"},"datePublished":"2023-07-15T19:58:31+00:00","dateModified":"2024-02-05T20:37:01+00:00","breadcrumb":{"@id":"https:\/\/mjc-chauny.fr\/index.php\/contact-2\/#breadcrumb"},"inLanguage":"fr-FR","potentialAction":[{"@type":"ReadAction","target":["https:\/\/mjc-chauny.fr\/index.php\/contact-2\/"]}]},{"@type":"BreadcrumbList","@id":"https:\/\/mjc-chauny.fr\/index.php\/contact-2\/#breadcrumb","itemListElement":[{"@type":"ListItem","position":1,"name":"Accueil","item":"https:\/\/mjc-chauny.fr\/"},{"@type":"ListItem","position":2,"name":"Contactez-nous"}]},{"@type":"WebSite","@id":"https:\/\/mjc-chauny.fr\/#website","url":"https:\/\/mjc-chauny.fr\/","name":"MJC DE CHAUNY","description":"Maison des jeunes et de la culture de CHAUNY","publisher":{"@id":"https:\/\/mjc-chauny.fr\/#organization"},"potentialAction":[{"@type":"SearchAction","target":{"@type":"EntryPoint","urlTemplate":"https:\/\/mjc-chauny.fr\/?s={search_term_string}"},"query-input":{"@type":"PropertyValueSpecification","valueRequired":true,"valueName":"search_term_string"}}],"inLanguage":"fr-FR"},{"@type":"Organization","@id":"https:\/\/mjc-chauny.fr\/#organization","name":"MJC DE CHAUNY","alternateName":"Maison des Jeunes et de la Culture de Chauny","url":"https:\/\/mjc-chauny.fr\/","logo":{"@type":"ImageObject","inLanguage":"fr-FR","@id":"https:\/\/mjc-chauny.fr\/#\/schema\/logo\/image\/","url":"https:\/\/mjc-chauny.fr\/wp-content\/uploads\/2025\/08\/cropped-logo-MJC-1.png","contentUrl":"https:\/\/mjc-chauny.fr\/wp-content\/uploads\/2025\/08\/cropped-logo-MJC-1.png","width":512,"height":512,"caption":"MJC DE CHAUNY"},"image":{"@id":"https:\/\/mjc-chauny.fr\/#\/schema\/logo\/image\/"},"sameAs":["https:\/\/www.facebook.com\/mjc.chauny.7","https:\/\/www.instagram.com\/mjcchauny\/"]}]}},"_links":{"self":[{"href":"https:\/\/mjc-chauny.fr\/index.php\/wp-json\/wp\/v2\/pages\/1017","targetHints":{"allow":["GET"]}}],"collection":[{"href":"https:\/\/mjc-chauny.fr\/index.php\/wp-json\/wp\/v2\/pages"}],"about":[{"href":"https:\/\/mjc-chauny.fr\/index.php\/wp-json\/wp\/v2\/types\/page"}],"author":[{"embeddable":true,"href":"https:\/\/mjc-chauny.fr\/index.php\/wp-json\/wp\/v2\/users\/1"}],"replies":[{"embeddable":true,"href":"https:\/\/mjc-chauny.fr\/index.php\/wp-json\/wp\/v2\/comments?post=1017"}],"version-history":[{"count":22,"href":"https:\/\/mjc-chauny.fr\/index.php\/wp-json\/wp\/v2\/pages\/1017\/revisions"}],"predecessor-version":[{"id":1989,"href":"https:\/\/mjc-chauny.fr\/index.php\/wp-json\/wp\/v2\/pages\/1017\/revisions\/1989"}],"wp:attachment":[{"href":"https:\/\/mjc-chauny.fr\/index.php\/wp-json\/wp\/v2\/media?parent=1017"}],"curies":[{"name":"wp","href":"https:\/\/api.w.org\/{rel}","templated":true}]}}